{"id":1012,"date":"2020-01-17T15:46:08","date_gmt":"2020-01-17T14:46:08","guid":{"rendered":"https:\/\/glutenfreemachines.com\/?page_id=1012"},"modified":"2020-01-17T15:46:08","modified_gmt":"2020-01-17T14:46:08","slug":"mini-droppy","status":"publish","type":"page","link":"https:\/\/glutenfreemachines.com\/?page_id=1012","title":{"rendered":"MINI DROPPY"},"content":{"rendered":"<div class=\"wpb-content-wrapper\"><p>[vc_row swatch=\\&#8221;swatch-blue-white\\&#8221; bottom_decoration=\\&#8221;rounded\\&#8221; height=\\&#8221;nopadding\\&#8221; vertical_alignment=\\&#8221;middle\\&#8221; background_image=\\&#8221;4829\\&#8221; background_image_attachment=\\&#8221;fixed\\&#8221;][vc_column align=\\&#8221;center\\&#8221; width=\\&#8221;1\/1\\&#8221;][heading header_weight=\\&#8221;bold\\&#8221;]MINIDROPPY VN07[\/heading][heading header_type=\\&#8221;h3\\&#8221; header_size=\\&#8221;hyper\\&#8221; header_weight=\\&#8221;bold\\&#8221;]Da \\&#8221;Riempi a Mano\\&#8221; a \\&#8221;Replichi in serie\\&#8221;[\/heading][heading header_type=\\&#8221;h2\\&#8221; header_weight=\\&#8221;hairline\\&#8221;]Standardizzazione del dosaggio, banco pulito e pi\u00f9 pezzi\/ora[\/heading][vc_empty_space height=\\&#8221;100px\\&#8221;][button type=\\&#8221;info\\&#8221; size=\\&#8221;lg\\&#8221; title=\\&#8221;Guarda il video\\&#8221; link=\\&#8221;https:\/\/youtube.com\/shorts\/SagKjRh4dVU\\&#8221; icon=\\&#8221;fort-awesome\\&#8221;][button size=\\&#8221;lg\\&#8221; title=\\&#8221;Vedi i benefici\\&#8221; link=\\&#8221;https:\/\/youtube.com\/shorts\/0syU6Nxf7DU\\&#8221; icon=\\&#8221;hand-o-down\\&#8221;][vc_empty_space height=\\&#8221;100px\\&#8221;][\/vc_column][\/vc_row][vc_row][vc_column width=\\&#8221;1\/1\\&#8221;][vc_column_text]<\/p>\n<h2 style=\\\"text-align: center;\\\">DEPOSITOR FILLING MACHINE<\/h2>\n<h2 style=\\\"text-align: center;\\\">CAPACITY 10-190 ml<\/h2>\n<p>[\/vc_column_text][vc_row_inner][vc_column_inner width=\\&#8221;1\/1\\&#8221;][vc_video link=\\&#8221;https:\/\/youtube.com\/shorts\/SagKjRh4dVU\\&#8221;][\/vc_column_inner][\/vc_row_inner][\/vc_column][\/vc_row][vc_row][vc_column align=\\&#8221;Default\\&#8221; width=\\&#8221;1\/2\\&#8221;][vc_single_image images=\\&#8221;4954\\&#8221; size=\\&#8221;full\\&#8221; align=\\&#8221;center\\&#8221;][vc_column_text]<\/p>\n<h3 style=\\\"text-align: left;\\\">Costanza che fa margine<\/h3>\n<p style=\\\"text-align: left;\\\">Imposta la quantit\u00e0 e ripeti: ogni pezzo \u00e8 uguale al precedente. Meno rifacimenti, pi\u00f9 resa oraria<\/p>\n<p>&nbsp;<\/p>\n<p>[\/vc_column_text][\/vc_column][vc_column width=\\&#8221;1\/2\\&#8221;][vc_single_image images=\\&#8221;1234\\&#8221; size=\\&#8221;full\\&#8221; align=\\&#8221;center\\&#8221;][vc_column_text]<\/p>\n<h3>Anti-goccia brevettato<\/h3>\n<p>Banco pulito e flusso continuo anche con confetture e ripieni densi<\/p>\n<p>&nbsp;<\/p>\n<p>[\/vc_column_text][\/vc_column][\/vc_row][vc_row][vc_column width=\\&#8221;1\/3\\&#8221;][vc_single_image images=\\&#8221;5015\\&#8221; size=\\&#8221;full\\&#8221; align=\\&#8221;center\\&#8221;][vc_column_text]<\/p>\n<h3>Zero cavi sul banco<\/h3>\n<p style=\\\"text-align: left;\\\">Funziona ad aria compressa: sicurezza e igiene in area di lavoro bagnata\/farina.<\/p>\n<p>&nbsp;<\/p>\n<p>[\/vc_column_text][\/vc_column][vc_column width=\\&#8221;1\/3\\&#8221;][vc_single_image images=\\&#8221;1328\\&#8221; size=\\&#8221;full\\&#8221; align=\\&#8221;center\\&#8221;][vc_column_text]<\/p>\n<h3>Pulizia rapida<\/h3>\n<p style=\\\"text-align: left;\\\">Tramoggia e ugelli si smontano in pochi gesti: pi\u00f9 tempo a produrre, meno a lavare.<\/p>\n<p>&nbsp;<\/p>\n<p>[\/vc_column_text][\/vc_column][vc_column width=\\&#8221;1\/3\\&#8221;][vc_single_image images=\\&#8221;3034\\&#8221; size=\\&#8221;full\\&#8221; align=\\&#8221;center\\&#8221;][vc_column_text]<\/p>\n<h3>Acciaio inox<\/h3>\n<p style=\\\"text-align: left;\\\">Struttura robusta e igienica, nata per durare in laboratorio.<\/p>\n<p>\u00a0<\/p>\n<p>[\/vc_column_text][\/vc_column][\/vc_row][vc_row title_align=&quot;left&quot; swatch=&quot;swatch-blue-white&quot; bottom_decoration=&quot;rounded&quot; height=&quot;nopadding&quot; vertical_alignment=&quot;middle&quot; background_image=&quot;5044&quot; background_image_attachment=&quot;fixed&quot;][vc_column align=&quot;center&quot; width=&quot;1\/1&quot;][vc_empty_space height=&quot;100px&quot;][heading header_type=&quot;h2&quot; header_size=&quot;super&quot; header_weight=&quot;bold&quot; header_align=&quot;left&quot;]Vuoi vedere i tuoi prodotti dosati?[\/heading][heading header_type=&quot;h3&quot; header_weight=&quot;bold&quot;]Mandaci un video del tuo ripieno: ti consigliamo ugelli e impostazioni.[\/heading][button type=&quot;info&quot; size=&quot;lg&quot; title=&quot;Parla con un tecnico&quot; link=&quot;https:\/\/glutenfreemachines.com\/contact\/&quot; icon=&quot;fort-awesome&quot;][button size=&quot;lg&quot; title=&quot;Scarica la scheda&quot; link=&quot;https:\/\/glutenfreemachines.com\/wp-content\/uploads\/2024\/10\/VN_BROCHURE_MINIDROPPY_VN07.pdf&quot; icon=&quot;hand-o-down&quot;][vc_empty_space height=&quot;100px&quot;][\/vc_column][\/vc_row][vc_column][\/vc_column]<\/p>\n<\/div>","protected":false},"excerpt":{"rendered":"<p>[vc_row swatch=\\&#8221;swatch-blue-white\\&#8221; bottom_decoration=\\&#8221;rounded\\&#8221; height=\\&#8221;nopadding\\&#8221; vertical_alignment=\\&#8221;middle\\&#8221; background_image=\\&#8221;4829\\&#8221; background_image_attachment=\\&#8221;fixed\\&#8221;][vc_column align=\\&#8221;center\\&#8221; width=\\&#8221;1\/1\\&#8221;][heading header_weight=\\&#8221;bold\\&#8221;]MINIDROPPY VN07[\/heading][heading header_type=\\&#8221;h3\\&#8221; header_size=\\&#8221;hyper\\&#8221; header_weight=\\&#8221;bold\\&#8221;]Da \\&#8221;Riempi a Mano\\&#8221; a \\&#8221;Replichi in [&hellip;]<\/p>\n","protected":false},"author":1,"featured_media":0,"parent":0,"menu_order":0,"comment_status":"closed","ping_status":"closed","template":"","meta":{"site-sidebar-layout":"no-sidebar","site-content-layout":"plain-container","ast-site-content-layout":"default","site-content-style":"default","site-sidebar-style":"default","ast-global-header-display":"","ast-banner-title-visibility":"","ast-main-header-display":"","ast-hfb-above-header-display":"","ast-hfb-below-header-display":"","ast-hfb-mobile-header-display":"","site-post-title":"disabled","ast-breadcrumbs-content":"","ast-featured-img":"disabled","footer-sml-layout":"","theme-transparent-header-meta":"","adv-header-id-meta":"","stick-header-meta":"","header-above-stick-meta":"","header-main-stick-meta":"","header-below-stick-meta":"","astra-migrate-meta-layouts":"default","ast-page-background-enabled":"default","ast-page-background-meta":{"desktop":{"background-color":"var(--ast-global-color-5)","background-image":"","background-repeat":"repeat","background-position":"center center","background-size":"auto","background-attachment":"scroll","background-type":"","background-media":"","overlay-type":"","overlay-color":"","overlay-opacity":"","overlay-gradient":""},"tablet":{"background-color":"","background-image":"","background-repeat":"repeat","background-position":"center center","background-size":"auto","background-attachment":"scroll","background-type":"","background-media":"","overlay-type":"","overlay-color":"","overlay-opacity":"","overlay-gradient":""},"mobile":{"background-color":"","background-image":"","background-repeat":"repeat","background-position":"center center","background-size":"auto","background-attachment":"scroll","background-type":"","background-media":"","overlay-type":"","overlay-color":"","overlay-opacity":"","overlay-gradient":""}},"ast-content-background-meta":{"desktop":{"background-color":"var(--ast-global-color-4)","background-image":"","background-repeat":"repeat","background-position":"center center","background-size":"auto","background-attachment":"scroll","background-type":"","background-media":"","overlay-type":"","overlay-color":"","overlay-opacity":"","overlay-gradient":""},"tablet":{"background-color":"var(--ast-global-color-4)","background-image":"","background-repeat":"repeat","background-position":"center center","background-size":"auto","background-attachment":"scroll","background-type":"","background-media":"","overlay-type":"","overlay-color":"","overlay-opacity":"","overlay-gradient":""},"mobile":{"background-color":"var(--ast-global-color-4)","background-image":"","background-repeat":"repeat","background-position":"center center","background-size":"auto","background-attachment":"scroll","background-type":"","background-media":"","overlay-type":"","overlay-color":"","overlay-opacity":"","overlay-gradient":""}},"footnotes":""},"class_list":["post-1012","page","type-page","status-publish","hentry"],"_links":{"self":[{"href":"https:\/\/glutenfreemachines.com\/index.php?rest_route=\/wp\/v2\/pages\/1012","targetHints":{"allow":["GET"]}}],"collection":[{"href":"https:\/\/glutenfreemachines.com\/index.php?rest_route=\/wp\/v2\/pages"}],"about":[{"href":"https:\/\/glutenfreemachines.com\/index.php?rest_route=\/wp\/v2\/types\/page"}],"author":[{"embeddable":true,"href":"https:\/\/glutenfreemachines.com\/index.php?rest_route=\/wp\/v2\/users\/1"}],"replies":[{"embeddable":true,"href":"https:\/\/glutenfreemachines.com\/index.php?rest_route=%2Fwp%2Fv2%2Fcomments&post=1012"}],"version-history":[{"count":0,"href":"https:\/\/glutenfreemachines.com\/index.php?rest_route=\/wp\/v2\/pages\/1012\/revisions"}],"wp:attachment":[{"href":"https:\/\/glutenfreemachines.com\/index.php?rest_route=%2Fwp%2Fv2%2Fmedia&parent=1012"}],"curies":[{"name":"wp","href":"https:\/\/api.w.org\/{rel}","templated":true}]}}