{"id":2835,"date":"2018-05-03T11:40:00","date_gmt":"2018-05-03T09:40:00","guid":{"rendered":"https:\/\/glutenfreemachines.com\/?page_id=2835"},"modified":"2018-05-03T11:40:00","modified_gmt":"2018-05-03T09:40:00","slug":"depositors-sac-a-poche-2","status":"publish","type":"page","link":"https:\/\/glutenfreemachines.com\/?page_id=2835","title":{"rendered":"VN Page d\\&#8217;accueil"},"content":{"rendered":"<div class=\"wpb-content-wrapper\"><p>[vc_row swatch=\\&#8221;swatch-white-blue\\&#8221; height=\\&#8221;nopadding\\&#8221;][vc_column width=\\&#8221;1\/1\\&#8221;][vc_column_text]<\/p>\n<p style=\\\"text-align: center;\\\"><span style=\\\"font-size: 24px;\\\"><strong>TRIDROPPY : La solution tout-en-un pour votre p\u00e2tisserie<\/strong><\/span><\/p>\n<p>[\/vc_column_text][vc_column_text]<\/p>\n<h2 style=\\\"text-align: center;\\\"><span style=\\\"font-size: 21px;\\\">Remplacez trois machines par une seule : doseur de cr\u00e8me, remplisseur de croissants et sac \u00e0 poche<\/span><\/h2>\n<p>[\/vc_column_text][vc_empty_space][\/vc_column][\/vc_row][vc_row swatch=\\&#8221;swatch-blue-white\\&#8221; height=\\&#8221;nopadding\\&#8221; overlay_colour=\\&#8221;#ffffff\\&#8221; background_image_attachment=\\&#8221;fixed\\&#8221;][vc_column width=\\&#8221;1\/1\\&#8221;][vc_row_inner][vc_column_inner width=\\&#8221;1\/1\\&#8221;][vc_single_image images=\\&#8221;1767\\&#8221; size=\\&#8221;large\\&#8221; align=\\&#8221;center\\&#8221;][vc_column_text]<\/p>\n<p style=\\\"text-align: center;\\\">[layerslider id=\\&#8221;6\\&#8221;]<\/p>\n<p>[\/vc_column_text][vc_empty_space][vc_column_text]<\/p>\n<p style=\\\"text-align: center;\\\">[button type=\\&#8221;success\\&#8221; size=\\&#8221;lg\\&#8221; title=\\&#8221;ACC\u00c9DER AU CATALOGUE\\&#8221; link=\\&#8221;http:\/\/foodaeration.com\/tridroppy\/\\&#8221; icon=\\&#8221;arrow-up\\&#8221;]<\/p>\n<p>[\/vc_column_text][vc_empty_space][\/vc_column_inner][\/vc_row_inner][\/vc_column][\/vc_row][vc_row swatch=\\&#8221;swatch-white-blue\\&#8221; height=\\&#8221;nopadding\\&#8221;][vc_column width=\\&#8221;1\/1\\&#8221;][vc_column_text]<\/p>\n<h1 style=\\\"text-align: center;\\\">Machines \u00e0 p\u00e2tisserie , d\u00e9poseur, cr\u00e8me de remplissage, sac \u00e0 poche automatique<\/h1>\n<h1 style=\\\"text-align: center;\\\">Pourquoi choisir TRIDROPPY ?<\/h1>\n<p>[\/vc_column_text][vc_column_text]<\/p>\n<div class=\\\"flex flex-grow flex-col max-w-full\\\">\n<div class=\\\"min-h-[20px] text-message flex flex-col items-start whitespace-pre-wrap break-words [.text-message+&amp;]:mt-5 juice:w-full juice:items-end overflow-x-auto gap-2\\\" dir=\\\"auto\\\" data-message-author-role=\\\"assistant\\\" data-message-id=\\\"3423e3c4-153c-4471-8a6e-f5b7efd279e5\\\">\n<div class=\\\"flex w-full flex-col gap-1 juice:empty:hidden juice:first:pt-[3px]\\\">\n<div class=\\\"markdown prose w-full break-words dark:prose-invert light\\\">\n<p><span style=\\\"font-size: 18px;\\\"><strong>La meilleure <\/strong><strong>solution de portionnement<\/strong><\/span> <span style=\\\"font-size: 18px;\\\"><strong>Liste des avantages :<\/strong><\/span><\/p>\n<ul>\n<li><span style=\\\"font-size: 18px;\\\"><strong>Efficacit\u00e9 :<\/strong> Une seule machine pour distribuer la cr\u00e8me, remplir les croissants et d\u00e9corer les g\u00e2teaux.<\/span><\/li>\n<li><span style=\\\"font-size: 18px;\\\"><strong>Polyvalence : <\/strong>pour tous les types de p\u00e2tes molles et dures et de cr\u00e8mes (pousseur de tr\u00e9mie)<\/span><\/li>\n<li><span style=\\\"font-size: 18px;\\\"><strong>Gain de place :<\/strong> Lib\u00e9rez de l\\&#8217;espace dans votre laboratoire en \u00e9liminant trois machines encombrantes.<\/span><\/li>\n<li><span style=\\\"font-size: 18px;\\\"><strong>Facilit\u00e9 d\\&#8217;utilisation :<\/strong> Une interface intuitive pour simplifier les op\u00e9rations quotidiennes.<\/span><\/li>\n<li><span style=\\\"font-size: 18px;\\\"><strong>R\u00e9duction des co\u00fbts :<\/strong> R\u00e9duisez les frais d\\&#8217;entretien et d\\&#8217;investissement en n\\&#8217;achetant qu\\&#8217;une seule machine.<\/span><\/li>\n<\/ul>\n<p><span style=\\\"font-size: 18px;\\\">D\u00e9couvrez pourquoi de nombreux clients font confiance \u00e0 VN FOODAERATION pour leurs besoins en mati\u00e8re de portionnement !<\/span><\/p>\n<\/div>\n<\/div>\n<\/div>\n<\/div>\n<div class=\\\"mt-1 flex gap-3 empty:hidden juice:-ml-3\\\">\n<div class=\\\"items-center justify-start rounded-xl p-1 flex\\\">\n<div class=\\\"flex items-center\\\">\u00a0<\/div>\n<\/div>\n<\/div>\n<p>[\/vc_column_text][\/vc_column][\/vc_row][vc_row swatch=\\&#8221;swatch-white-blue\\&#8221; height=\\&#8221;nopadding\\&#8221; width=\\&#8221;no-padded\\&#8221;][vc_column align=\\&#8221;center\\&#8221; width=\\&#8221;1\/3\\&#8221;][vc_video link=\\&#8221;https:\/\/youtu.be\/ekZnun-4cts\\&#8221;][vc_column_text]<\/p>\n<h2 style=\\\"text-align: center;\\\"><strong>REMPLISSAGE<\/strong><\/h2>\n<p>[\/vc_column_text][vc_empty_space][\/vc_column][vc_column width=\\&#8221;1\/3\\&#8221;][vc_video link=\\&#8221;https:\/\/youtu.be\/suYb2TuMk0E\\&#8221;][vc_column_text]<\/p>\n<h2 style=\\\"text-align: center;\\\"><strong> DOSIFIER<\/strong><\/h2>\n<p>[\/vc_column_text][vc_empty_space][\/vc_column][vc_column width=\\&#8221;1\/3\\&#8221;][vc_video link=\\&#8221;https:\/\/youtu.be\/mQ_OAoKE2N8\\&#8221;][vc_column_text]<\/p>\n<h2 style=\\\"text-align: center;\\\"><strong>SAC A POCHE<\/strong><\/h2>\n<p>[\/vc_column_text][vc_empty_space][\/vc_column][\/vc_row][vc_row swatch=\\&#8221;swatch-white-blue\\&#8221; height=\\&#8221;nopadding\\&#8221;][vc_column align=\\&#8221;center\\&#8221; width=\\&#8221;1\/4\\&#8221;][vc_single_image images=\\&#8221;1272\\&#8221; size=\\&#8221;thumbnail\\&#8221; align=\\&#8221;center\\&#8221;][\/vc_column][vc_column width=\\&#8221;1\/4\\&#8221;][vc_single_image images=\\&#8221;1254\\&#8221; size=\\&#8221;thumbnail\\&#8221; align=\\&#8221;center\\&#8221;][\/vc_column][vc_column width=\\&#8221;1\/4\\&#8221;][vc_single_image images=\\&#8221;1256\\&#8221; size=\\&#8221;thumbnail\\&#8221; align=\\&#8221;center\\&#8221;][\/vc_column][vc_column width=\\&#8221;1\/4\\&#8221;][vc_single_image images=\\&#8221;1252\\&#8221; align=\\&#8221;center\\&#8221;][\/vc_column][\/vc_row][vc_row][vc_column width=\\&#8221;1\/1\\&#8221;][vc_column_text]<\/p>\n<h2 style=\\\"text-align: center;\\\"><span style=\\\"font-size: 24px;\\\"><strong>R\u00e9volutionnez votre p\u00e2tisserie avec TRIDROPPY !<\/strong><\/span><\/h2>\n<p style=\\\"text-align: center;\\\"><span style=\\\"font-size: 18px;\\\"><strong>La solution tout-en-un pour les p\u00e2tissiers professionnels et les artisans !<\/strong><\/span><\/p>\n<h3 style=\\\"text-align: center;\\\"><span style=\\\"font-size: 21px;\\\">Gagnez du temps et de l\\&#8217;espace avec TRIDROPPY, l\\&#8217;appareil multifonctionnel qui simplifie la production de desserts parfaits. Qu\\&#8217;il s\\&#8217;agisse de portionner des cr\u00e8mes, de remplir des croissants ou de d\u00e9corer des g\u00e2teaux, TRIDROPPY garantit pr\u00e9cision et rapidit\u00e9 \u00e0 chaque \u00e9tape. <\/span><\/h3>\n<h3 style=\\\"text-align: center;\\\"><span style=\\\"font-size: 21px;\\\"><strong>Caract\u00e9ristiques principales :<\/strong><\/span><\/h3>\n<h3 style=\\\"text-align: center;\\\"><span style=\\\"font-size: 21px;\\\">Conception compacte<\/span><\/h3>\n<h3 style=\\\"text-align: center;\\\"><span style=\\\"font-size: 21px;\\\">Facile \u00e0 utiliser et \u00e0 nettoyer<\/span><\/h3>\n<h3 style=\\\"text-align: center;\\\"><span style=\\\"font-size: 21px;\\\">Convient \u00e0 diverses recettes<\/span><\/h3>\n<h1 style=\\\"text-align: center;\\\"><span style=\\\"font-size: 24px;\\\"><strong>R\u00e9alisez plus en moins de temps.<\/strong><\/span><\/h1>\n<h1 style=\\\"text-align: center;\\\"><span style=\\\"font-size: 24px;\\\"><strong>R\u00e9servez une d\u00e9monstration gratuite d\u00e8s aujourd\\&#8217;hui !<\/strong><\/span><\/h1>\n<p>[\/vc_column_text][vc_column_text]<\/p>\n<p style=\\\"text-align: center;\\\"><span style=\\\"font-size: 21px;\\\"><strong>T\u00c9L\u00c9CHARGEZ LE CATALOGUE TRIDROPPY CI-DESSOUS<\/strong><\/span><\/p>\n<p>[\/vc_column_text][vc_column_text]<\/p>\n\n<div class=\"\\&quot;wp-block-buttons\\&quot; is-layout-flex wp-block-buttons-is-layout-flex\">\n<div class=\\\"wp-block-button is-style-fill\\\"><span style=\\\"font-size: 21px;\\\"><a class=\\\"wp-block-button__link has-vivid-green-cyan-background-color has-background has-text-align-center wp-element-button\\\" href=\\\"https:\/\/glutenfreemachines.com\/wp-content\/uploads\/2024\/09\/VN_BROCHURE_TRIDROPPY_VN01.pdf\\\">T\u00c9L\u00c9CHARGER<\/a><\/span><\/div>\n<p><\/p>\n<\/div>\n<p>[\/vc_column_text][\/vc_column][\/vc_row]<\/p><\/div>","protected":false},"excerpt":{"rendered":"<p>[vc_row swatch=\\&#8221;swatch-white-blue\\&#8221; height=\\&#8221;nopadding\\&#8221;][vc_column width=\\&#8221;1\/1\\&#8221;][vc_column_text] TRIDROPPY : La solution tout-en-un pour votre p\u00e2tisserie [\/vc_column_text][vc_column_text] Remplacez trois machines par une seule : [&hellip;]<\/p>\n","protected":false},"author":1,"featured_media":0,"parent":0,"menu_order":0,"comment_status":"closed","ping_status":"closed","template":"","meta":{"site-sidebar-layout":"no-sidebar","site-content-layout":"plain-container","ast-site-content-layout":"default","site-content-style":"default","site-sidebar-style":"default","ast-global-header-display":"","ast-banner-title-visibility":"","ast-main-header-display":"","ast-hfb-above-header-display":"","ast-hfb-below-header-display":"","ast-hfb-mobile-header-display":"","site-post-title":"disabled","ast-breadcrumbs-content":"","ast-featured-img":"disabled","footer-sml-layout":"","theme-transparent-header-meta":"","adv-header-id-meta":"","stick-header-meta":"","header-above-stick-meta":"","header-main-stick-meta":"","header-below-stick-meta":"","astra-migrate-meta-layouts":"default","ast-page-background-enabled":"default","ast-page-background-meta":{"desktop":{"background-color":"var(--ast-global-color-5)","background-image":"","background-repeat":"repeat","background-position":"center center","background-size":"auto","background-attachment":"scroll","background-type":"","background-media":"","overlay-type":"","overlay-color":"","overlay-opacity":"","overlay-gradient":""},"tablet":{"background-color":"","background-image":"","background-repeat":"repeat","background-position":"center center","background-size":"auto","background-attachment":"scroll","background-type":"","background-media":"","overlay-type":"","overlay-color":"","overlay-opacity":"","overlay-gradient":""},"mobile":{"background-color":"","background-image":"","background-repeat":"repeat","background-position":"center center","background-size":"auto","background-attachment":"scroll","background-type":"","background-media":"","overlay-type":"","overlay-color":"","overlay-opacity":"","overlay-gradient":""}},"ast-content-background-meta":{"desktop":{"background-color":"var(--ast-global-color-4)","background-image":"","background-repeat":"repeat","background-position":"center center","background-size":"auto","background-attachment":"scroll","background-type":"","background-media":"","overlay-type":"","overlay-color":"","overlay-opacity":"","overlay-gradient":""},"tablet":{"background-color":"var(--ast-global-color-4)","background-image":"","background-repeat":"repeat","background-position":"center center","background-size":"auto","background-attachment":"scroll","background-type":"","background-media":"","overlay-type":"","overlay-color":"","overlay-opacity":"","overlay-gradient":""},"mobile":{"background-color":"var(--ast-global-color-4)","background-image":"","background-repeat":"repeat","background-position":"center center","background-size":"auto","background-attachment":"scroll","background-type":"","background-media":"","overlay-type":"","overlay-color":"","overlay-opacity":"","overlay-gradient":""}},"footnotes":""},"class_list":["post-2835","page","type-page","status-publish","hentry"],"_links":{"self":[{"href":"https:\/\/glutenfreemachines.com\/index.php?rest_route=\/wp\/v2\/pages\/2835","targetHints":{"allow":["GET"]}}],"collection":[{"href":"https:\/\/glutenfreemachines.com\/index.php?rest_route=\/wp\/v2\/pages"}],"about":[{"href":"https:\/\/glutenfreemachines.com\/index.php?rest_route=\/wp\/v2\/types\/page"}],"author":[{"embeddable":true,"href":"https:\/\/glutenfreemachines.com\/index.php?rest_route=\/wp\/v2\/users\/1"}],"replies":[{"embeddable":true,"href":"https:\/\/glutenfreemachines.com\/index.php?rest_route=%2Fwp%2Fv2%2Fcomments&post=2835"}],"version-history":[{"count":0,"href":"https:\/\/glutenfreemachines.com\/index.php?rest_route=\/wp\/v2\/pages\/2835\/revisions"}],"wp:attachment":[{"href":"https:\/\/glutenfreemachines.com\/index.php?rest_route=%2Fwp%2Fv2%2Fmedia&parent=2835"}],"curies":[{"name":"wp","href":"https:\/\/api.w.org\/{rel}","templated":true}]}}