{"id":3081,"date":"2019-12-17T13:17:28","date_gmt":"2019-12-17T12:17:28","guid":{"rendered":"https:\/\/glutenfreemachines.com\/?page_id=3081"},"modified":"2019-12-17T13:17:28","modified_gmt":"2019-12-17T12:17:28","slug":"aerators-2","status":"publish","type":"page","link":"https:\/\/glutenfreemachines.com\/?page_id=3081","title":{"rendered":"Aerateurs"},"content":{"rendered":"<div class=\"wpb-content-wrapper\"><p>[vc_row swatch=\\&#8221;swatch-blue-white\\&#8221; height=\\&#8221;tiny\\&#8221; background_image=\\&#8221;401\\&#8221; background_image_attachment=\\&#8221;fixed\\&#8221;][vc_column width=\\&#8221;1\/1\\&#8221;][vc_empty_space height=\\&#8221;102px\\&#8221;][heading header_size=\\&#8221;hyper\\&#8221; header_weight=\\&#8221;bold\\&#8221;]m\u00e9langeurs a\u00e9rateurs[\/heading][vc_empty_space height=\\&#8221;102px\\&#8221;][\/vc_column][\/vc_row][vc_row swatch=\\&#8221;swatch-white-blue\\&#8221; bottom_decoration=\\&#8221;left-slope\\&#8221; height=\\&#8221;tiny\\&#8221;][vc_column width=\\&#8221;1\/1\\&#8221;][heading header_weight=\\&#8221;bold\\&#8221;]HEALTHY VN02 [\/heading][vc_row_inner][vc_column_inner width=\\&#8221;1\/3\\&#8221;][vc_video link=\\&#8221;https:\/\/youtu.be\/qcftozU15OM\\&#8221;][\/vc_column_inner][vc_column_inner width=\\&#8221;1\/3\\&#8221;][vc_video link=\\&#8221;https:\/\/youtu.be\/BhdLplsEB-I\\&#8221;][\/vc_column_inner][vc_column_inner width=\\&#8221;1\/3\\&#8221;][vc_video link=\\&#8221;https:\/\/youtu.be\/KzrqY2HfoGQ\\&#8221;][\/vc_column_inner][\/vc_row_inner][vc_column_text]<\/p>\n<div class=\\\"flex-shrink-0 flex flex-col relative items-end\\\">\n<div>\n<div class=\\\"pt-0\\\">\n<div class=\\\"gizmo-bot-avatar flex h-8 w-8 items-center justify-center overflow-hidden rounded-full\\\">\n<div class=\\\"relative p-1 rounded-sm flex items-center justify-center bg-token-main-surface-primary text-token-text-primary h-8 w-8\\\">\u00a0<\/div>\n<\/div>\n<\/div>\n<\/div>\n<\/div>\n<div class=\\\"group\/conversation-turn relative flex w-full min-w-0 flex-col agent-turn\\\">\n<div class=\\\"flex-col gap-1 md:gap-3\\\">\n<div class=\\\"flex max-w-full flex-col flex-grow\\\">\n<div class=\\\"min-h-8 text-message flex w-full flex-col items-end gap-2 whitespace-normal break-words [.text-message+&amp;]:mt-5\\\" dir=\\\"auto\\\" data-message-author-role=\\\"assistant\\\" data-message-id=\\\"e9514422-f316-4a1c-afc9-e0fbd445d79f\\\" data-message-model-slug=\\\"gpt-4o\\\">\n<div class=\\\"flex w-full flex-col gap-1 empty:hidden first:pt-[3px]\\\">\n<div class=\\\"markdown prose w-full break-words dark:prose-invert light\\\">\n<h2>Il se distingue des autres m\u00e9langeurs par sa grande flexibilit\u00e9 : adapt\u00e9 aux tests, au d\u00e9veloppement de produits, \u00e0 la mise au point et aux essais de nouveaux produits en petites quantit\u00e9s (seulement 4 kilos)<\/h2>\n<\/div>\n<\/div>\n<\/div>\n<\/div>\n<\/div>\n<\/div>\n<p>[\/vc_column_text][vc_empty_space][vc_empty_space][vc_single_image images=\\&#8221;979\\&#8221; size=\\&#8221;full\\&#8221; align=\\&#8221;center\\&#8221;][vc_column_text]<\/p>\n<h1>\u00a0<\/h1>\n<h2 style=\\\"text-align: justify;\\\"><strong>HEALTHY VN02 STANDARD BASIC<\/strong>: <span style=\\\"text-decoration: underline;\\\">contr\u00f4le manuel<\/span> du d\u00e9bit et de la vitesse.<\/h2>\n<h2>\u00a0<\/h2>\n<h2 style=\\\"text-align: justify;\\\"><strong>HEALTHY VN02 ELECTRONIC <\/strong>: <span style=\\\"text-decoration: underline;\\\">contr\u00f4le \u00e9lectronique<\/span> par PLC (\u00e9cran tactile), communication par carte r\u00e9seau, r\u00e9glage et sauvegarde des recettes par \u00e9cran tactile, etc.<\/h2>\n<p>[\/vc_column_text][vc_empty_space][vc_single_image images=\\&#8221;1112\\&#8221; size=\\&#8221;full\\&#8221; align=\\&#8221;justify\\&#8221;][vc_column_text]<\/p>\n<h1 style=\\\"text-align: center;\\\">CHAMPS D\\&#8217;APPLICATION<\/h1>\n<h2 style=\\\"text-align: justify;\\\">P\u00c2TISSERIE : cakes, meringues, p\u00e2te sabl\u00e9e et biscuits, cr\u00e8mes, mousses, produits laitiers, chocolat, glace, yaourt, cr\u00e8me fouett\u00e9e, guimauves, madeleines, muffins, g\u00e9noise, biscuits cuill\u00e8re, etc.<\/h2>\n<h2 style=\\\"text-align: justify;\\\">SAUCES ET PRODUITS SAL\u00c9S : mayonnaise, sauce, vinaigrettes, fromage fondu, gel\u00e9e, \u00e9mulsions, etc.<\/h2>\n<h2 style=\\\"text-align: justify;\\\">PRODUITS DE BOULANGERIE : p\u00e2te \u00e0 pizza, p\u00e2te \u00e0 pain, p\u00e2tes pour crackers, gressins et autres substituts de pain lev\u00e9s, levain, etc.<\/h2>\n<p>[\/vc_column_text][vc_empty_space][vc_empty_space][\/vc_column][\/vc_row][vc_row][vc_column width=\\&#8221;1\/3\\&#8221;][vc_column_text]<\/p>\n<h1 style=\\\"text-align: center;\\\">PI\u00c8CES MODULAIRES, FACILES \u00c0 ASSEMBLER<\/h1>\n<p>[\/vc_column_text][\/vc_column][vc_column width=\\&#8221;1\/3\\&#8221;][vc_column_text]<\/p>\n<h1 style=\\\"text-align: center;\\\">PROCESSUS CYCLIQUE CONTINU OU ALTERN\u00c9<\/h1>\n<p>[\/vc_column_text][\/vc_column][vc_column width=\\&#8221;1\/3\\&#8221;][vc_column_text]<\/p>\n<h1 style=\\\"text-align: center;\\\">NETTOYAGE SIMPLE, EFFICACIT\u00c9<\/h1>\n<p>[\/vc_column_text][\/vc_column][\/vc_row][vc_row][vc_column width=\\&#8221;1\/1\\&#8221;][vc_column_text]<\/p>\n<h1 style=\\\"text-align: center;\\\">Sp\u00e9cifications techniques<\/h1>\n<p>[\/vc_column_text][vc_single_image images=\\&#8221;534\\&#8221; align=\\&#8221;center\\&#8221;][\/vc_column][\/vc_row][vc_row][vc_column][vc_column_text]<\/p>\n<p style=\\\"text-align: center;\\\"><span style=\\\"font-size: 21px;\\\"><strong>T\u00c9L\u00c9CHARGEZ LE CATALOGUE HEALTHY CI-DESSOUS<\/strong><\/span><\/p>\n<p>[\/vc_column_text][vc_column_text] [\/vc_column_text][vc_column_text]<\/p>\n\n<div class=\"\\&quot;wp-block-buttons\\&quot; is-layout-flex wp-block-buttons-is-layout-flex\">\n<div class=\\\"wp-block-button is-style-fill\\\"><span style=\\\"font-size: 21px;\\\"><a class=\\\"wp-block-button__link has-vivid-green-cyan-background-color has-background has-text-align-center wp-element-button\\\" href=\\\"https:\/\/glutenfreemachines.com\/wp-content\/uploads\/2024\/10\/vn_tre_ante_eng_light.pdf\\\">DOWNLOAD<\/a><\/span><\/div>\n<p>&nbsp;<\/p>\n<\/div>\n<p><\/p>\n<p>[\/vc_column_text][\/vc_column][\/vc_row][vc_row][vc_column width=\\&#8221;1\/4\\&#8221;][vc_single_image images=\\&#8221;226\\&#8221;][\/vc_column][vc_column width=\\&#8221;1\/4\\&#8221;][vc_single_image images=\\&#8221;231\\&#8221;][\/vc_column][vc_column width=\\&#8221;1\/4\\&#8221;][vc_single_image images=\\&#8221;236\\&#8221;][\/vc_column][vc_column width=\\&#8221;1\/4\\&#8221;][vc_single_image images=\\&#8221;121\\&#8221;][\/vc_column][\/vc_row]<\/p><\/div>","protected":false},"excerpt":{"rendered":"<p>[vc_row swatch=\\&#8221;swatch-blue-white\\&#8221; height=\\&#8221;tiny\\&#8221; background_image=\\&#8221;401\\&#8221; background_image_attachment=\\&#8221;fixed\\&#8221;][vc_column width=\\&#8221;1\/1\\&#8221;][vc_empty_space height=\\&#8221;102px\\&#8221;][heading header_size=\\&#8221;hyper\\&#8221; header_weight=\\&#8221;bold\\&#8221;]m\u00e9langeurs a\u00e9rateurs[\/heading][vc_empty_space height=\\&#8221;102px\\&#8221;][\/vc_column][\/vc_row][vc_row swatch=\\&#8221;swatch-white-blue\\&#8221; bottom_decoration=\\&#8221;left-slope\\&#8221; height=\\&#8221;tiny\\&#8221;][vc_column width=\\&#8221;1\/1\\&#8221;][heading header_weight=\\&#8221;bold\\&#8221;]HEALTHY VN02 [\/heading][vc_row_inner][vc_column_inner width=\\&#8221;1\/3\\&#8221;][vc_video link=\\&#8221;https:\/\/youtu.be\/qcftozU15OM\\&#8221;][\/vc_column_inner][vc_column_inner [&hellip;]<\/p>\n","protected":false},"author":1,"featured_media":0,"parent":0,"menu_order":0,"comment_status":"closed","ping_status":"closed","template":"","meta":{"site-sidebar-layout":"no-sidebar","site-content-layout":"plain-container","ast-site-content-layout":"default","site-content-style":"default","site-sidebar-style":"default","ast-global-header-display":"","ast-banner-title-visibility":"","ast-main-header-display":"","ast-hfb-above-header-display":"","ast-hfb-below-header-display":"","ast-hfb-mobile-header-display":"","site-post-title":"disabled","ast-breadcrumbs-content":"","ast-featured-img":"disabled","footer-sml-layout":"","theme-transparent-header-meta":"","adv-header-id-meta":"","stick-header-meta":"","header-above-stick-meta":"","header-main-stick-meta":"","header-below-stick-meta":"","astra-migrate-meta-layouts":"default","ast-page-background-enabled":"default","ast-page-background-meta":{"desktop":{"background-color":"var(--ast-global-color-5)","background-image":"","background-repeat":"repeat","background-position":"center center","background-size":"auto","background-attachment":"scroll","background-type":"","background-media":"","overlay-type":"","overlay-color":"","overlay-opacity":"","overlay-gradient":""},"tablet":{"background-color":"","background-image":"","background-repeat":"repeat","background-position":"center center","background-size":"auto","background-attachment":"scroll","background-type":"","background-media":"","overlay-type":"","overlay-color":"","overlay-opacity":"","overlay-gradient":""},"mobile":{"background-color":"","background-image":"","background-repeat":"repeat","background-position":"center center","background-size":"auto","background-attachment":"scroll","background-type":"","background-media":"","overlay-type":"","overlay-color":"","overlay-opacity":"","overlay-gradient":""}},"ast-content-background-meta":{"desktop":{"background-color":"var(--ast-global-color-4)","background-image":"","background-repeat":"repeat","background-position":"center center","background-size":"auto","background-attachment":"scroll","background-type":"","background-media":"","overlay-type":"","overlay-color":"","overlay-opacity":"","overlay-gradient":""},"tablet":{"background-color":"var(--ast-global-color-4)","background-image":"","background-repeat":"repeat","background-position":"center center","background-size":"auto","background-attachment":"scroll","background-type":"","background-media":"","overlay-type":"","overlay-color":"","overlay-opacity":"","overlay-gradient":""},"mobile":{"background-color":"var(--ast-global-color-4)","background-image":"","background-repeat":"repeat","background-position":"center center","background-size":"auto","background-attachment":"scroll","background-type":"","background-media":"","overlay-type":"","overlay-color":"","overlay-opacity":"","overlay-gradient":""}},"footnotes":""},"class_list":["post-3081","page","type-page","status-publish","hentry"],"_links":{"self":[{"href":"https:\/\/glutenfreemachines.com\/index.php?rest_route=\/wp\/v2\/pages\/3081","targetHints":{"allow":["GET"]}}],"collection":[{"href":"https:\/\/glutenfreemachines.com\/index.php?rest_route=\/wp\/v2\/pages"}],"about":[{"href":"https:\/\/glutenfreemachines.com\/index.php?rest_route=\/wp\/v2\/types\/page"}],"author":[{"embeddable":true,"href":"https:\/\/glutenfreemachines.com\/index.php?rest_route=\/wp\/v2\/users\/1"}],"replies":[{"embeddable":true,"href":"https:\/\/glutenfreemachines.com\/index.php?rest_route=%2Fwp%2Fv2%2Fcomments&post=3081"}],"version-history":[{"count":0,"href":"https:\/\/glutenfreemachines.com\/index.php?rest_route=\/wp\/v2\/pages\/3081\/revisions"}],"wp:attachment":[{"href":"https:\/\/glutenfreemachines.com\/index.php?rest_route=%2Fwp%2Fv2%2Fmedia&parent=3081"}],"curies":[{"name":"wp","href":"https:\/\/api.w.org\/{rel}","templated":true}]}}