{"id":3312,"date":"2019-04-12T17:22:34","date_gmt":"2019-04-12T15:22:34","guid":{"rendered":"https:\/\/glutenfreemachines.com\/?page_id=3312"},"modified":"2019-04-12T17:22:34","modified_gmt":"2019-04-12T15:22:34","slug":"cake-machines-depositor-filling-cream-2","status":"publish","type":"page","link":"https:\/\/glutenfreemachines.com\/?page_id=3312","title":{"rendered":"OFFRES"},"content":{"rendered":"<div class=\"wpb-content-wrapper\"><p>[vc_row swatch=\\&#8221;swatch-blue-white\\&#8221; height=\\&#8221;nopadding\\&#8221; background_image_attachment=\\&#8221;fixed\\&#8221;][vc_column width=\\&#8221;1\/1\\&#8221;][heading header_weight=\\&#8221;bold\\&#8221;]A\u00c9RATEURS DE DOSAGE ET DE REMPLISSAGE \/ MACHINES \u00c0 MOUSSER D\\&#8217;OCCASION  [\/heading][\/vc_column][\/vc_row][vc_row][vc_column width=\\&#8221;1\/2\\&#8221;][heading header_weight=\\&#8221;bold\\&#8221;]MONDOMIX HAAS BUHLER[\/heading][vc_single_image images=\\&#8221;3656\\&#8221; size=\\&#8221;large\\&#8221;][\/vc_column][vc_column width=\\&#8221;1\/2\\&#8221;][vc_empty_space height=\\&#8221;100px\\&#8221;][vc_column_text]<strong>Mod\u00e8le : <\/strong>MONDOMIX A05<\/p>\n<p><strong>Num\u00e9ro de s\u00e9rie<\/strong>: VN1093MON<\/p>\n<p><strong>Condition :<\/strong> USED <a href=\\\"https:\/\/glutenfreemachines.com\/fr\/mini-droppy\/\\\">https:\/\/www.used-machines.com\/mondomix-a-05\/gm-408-7768<\/a><\/p>\n<p><strong>APPLICATION : <\/strong>MACHINE POUR TEST SIMILAIRE \u00c0 LA MEILLEURE SANT\u00c9 VN02 <a href=\\\"https:\/\/glutenfreemachines.com\/fr\/aerators-2\/\\\">https:\/\/glutenfreemachines.com\/aerators\/<\/a><\/p>\n<p><span style=\\\"color: #0000ff;\\\">\u20ac5000<\/span><\/p>\n<p style=\\\"text-align: left;\\\"><strong><span style=\\\"color: #0000ff;\\\"><em>OBTENIR UN DEVIS<\/em><\/span><\/strong><\/p>\n<p>Pour toute information, veuillez nous contacter :  <a href=\\\"https:\/\/glutenfreemachines.com\/fr\/contact\/\\\">https:\/\/glutenfreemachines.com\/contact\/<\/a>[\/vc_column_text][\/vc_column][\/vc_row][vc_row][vc_column width=\\&#8221;1\/2\\&#8221;][heading header_weight=\\&#8221;bold\\&#8221;]ICB [\/heading][vc_single_image images=\\&#8221;1465\\&#8221; size=\\&#8221;large\\&#8221;][\/vc_column][vc_column width=\\&#8221;1\/2\\&#8221;][vc_empty_space height=\\&#8221;100px\\&#8221;][vc_column_text]<strong>Mod\u00e8le : <\/strong>DOSICREAM<\/p>\n<p><strong>Num\u00e9ro de s\u00e9rie<\/strong>: VN1073ICB<\/p>\n<p><strong>Condition :<\/strong> USED RETURN FOR NEW MINIDROPPY <a href=\\\"https:\/\/glutenfreemachines.com\/fr\/mini-droppy\/\\\">https:\/\/glutenfreemachines.com\/mini-droppy\/<\/a><\/p>\n<p><strong>APPLICATION : <\/strong>\u00e9quipement de boulangerie, machine \u00e0 d\u00e9poser les aliments, \u00e9quipement de production, ligne de production de boulangerie, production de g\u00e2teaux, machine \u00e0 g\u00e2teaux<\/p>\n<p><span style=\\\"color: #0000ff;\\\">\u20ac1900<\/span><\/p>\n<p style=\\\"text-align: left;\\\"><del><strong><span style=\\\"color: #0000ff;\\\"><em>OBTENIR UN DEVIS<\/em><\/span><\/strong><\/del><\/p>\n<p>Pour toute information, veuillez nous contacter :  <a href=\\\"https:\/\/glutenfreemachines.com\/fr\/contact\/\\\">https:\/\/glutenfreemachines.com\/contact\/<\/a>[\/vc_column_text][\/vc_column][\/vc_row][vc_row][vc_column width=\\&#8221;1\/2\\&#8221;][heading header_weight=\\&#8221;bold\\&#8221;]PAVONI[\/heading][vc_single_image images=\\&#8221;1503\\&#8221; size=\\&#8221;large\\&#8221;][\/vc_column][vc_column width=\\&#8221;1\/2\\&#8221;][vc_empty_space height=\\&#8221;100px\\&#8221;][vc_column_text]<strong>Mod\u00e8le : <\/strong>NOUVEAU DOSIPLUS<\/p>\n<p><strong>Num\u00e9ro de s\u00e9rie<\/strong>: VN1083PAV<\/p>\n<p><strong>Condition :<\/strong> USED RETURN FOR NEW MINIDROPPY <a href=\\\"https:\/\/glutenfreemachines.com\/fr\/mini-droppy\/\\\">https:\/\/glutenfreemachines.com\/mini-droppy\/<\/a><\/p>\n<p><strong>APPLICATION : <\/strong>\u00e9quipement, d\u00e9poseur de produits de boulangerie, machine de remplissage de d\u00e9posants de produits de boulangerie, \u00e9quipement de production, ligne de production de services alimentaires de boulangerie, production de g\u00e2teaux, machine \u00e0 g\u00e2teaux<\/p>\n<p><span style=\\\"color: #0000ff;\\\">\u20ac1500<\/span><\/p>\n<p style=\\\"text-align: left;\\\"><del><a href=\\\"http:\/\/foodaeration.com\/contact\/\\\"><strong><span style=\\\"color: #0000ff;\\\"><em>OBTENIR UN DEVIS<\/em><\/span><\/strong><\/a><\/del><\/p>\n<h1 style=\\\"text-align: left;\\\"><\/h1>\n<p>[\/vc_column_text][\/vc_column][\/vc_row][vc_row][vc_column width=\\&#8221;1\/2\\&#8221;][heading header_weight=\\&#8221;bold\\&#8221;]MONDOMIX-HAAS [\/heading][vc_single_image images=\\&#8221;738\\&#8221;][\/vc_column][vc_column width=\\&#8221;1\/2\\&#8221;][vc_empty_space height=\\&#8221;100px\\&#8221;][vc_column_text]<strong>Mod\u00e8le :<\/strong> A\u00e9rateur Mondomix B-25<\/p>\n<p><strong>Taille\/capacit\u00e9<\/strong>: 250-1000 kg\/hr<\/p>\n<p><strong>Num\u00e9ro de s\u00e9rie<\/strong>: VN20U<\/p>\n<p><strong>Condition :<\/strong> Occasion (Ann\u00e9e : 1994)<\/p>\n<p><strong>APPLICATION :<\/strong> industrie de la boulangerie, de la confiserie et des produits laitiers (yaourts, mousses, cr\u00e8me fouett\u00e9e, etc.).<\/p>\n<p><span style=\\\"color: #0000ff;\\\">\u20ac23,000  <\/span><\/p>\n<p style=\\\"text-align: left;\\\"><del><a href=\\\"http:\/\/foodaeration.com\/contact\/\\\"><strong><span style=\\\"color: #0000ff;\\\"><em>OBTENIR UN DEVIS<\/em><\/span><\/strong><\/a><\/del><\/p>\n<h1 style=\\\"text-align: left;\\\"><span style=\\\"color: #ff0000;\\\">VENDU  <\/span><\/h1>\n<p>[\/vc_column_text][\/vc_column][\/vc_row][vc_row][vc_column width=\\&#8221;1\/2\\&#8221;][heading header_weight=\\&#8221;bold\\&#8221;]TONELLI[\/heading][vc_single_image images=\\&#8221;740\\&#8221;][\/vc_column][vc_column width=\\&#8221;1\/2\\&#8221;][vc_empty_space height=\\&#8221;100px\\&#8221;][vc_column_text]<strong>Mod\u00e8le :<\/strong> A\u00e9rateur \/ M\u00e9langeur continu TURBO REN 70 CBM<\/p>\n<p><strong>Taille\/capacit\u00e9 :<\/strong> 700 kg\/h nominal<\/p>\n<p><strong>Num\u00e9ro de s\u00e9rie : <\/strong>VN20U<\/p>\n<p><strong>Condition :<\/strong> Utilis\u00e9 (Ann\u00e9e : 2001)<\/p>\n<p><strong>APPLICATION :<\/strong> a\u00e9ration de produits tels que les cr\u00e8mes, les p\u00e2tes, la guimauve, etc.<\/p>\n<p><span style=\\\"color: #0000ff;\\\">\u20ac12,000<\/span><\/p>\n<p><a href=\\\"http:\/\/foodaeration.com\/contact\/\\\"><strong><span style=\\\"color: #0000ff;\\\"><em>OBTENIR UN DEVIS<\/em><\/span><\/strong><\/a><\/p>\n<h1><span style=\\\"color: #ff0000;\\\">NON DISPONIBLE<\/span><\/h1>\n<p>[\/vc_column_text][\/vc_column][\/vc_row]<\/p>\n<\/div>","protected":false},"excerpt":{"rendered":"<p>[vc_row swatch=\\&#8221;swatch-blue-white\\&#8221; height=\\&#8221;nopadding\\&#8221; background_image_attachment=\\&#8221;fixed\\&#8221;][vc_column width=\\&#8221;1\/1\\&#8221;][heading header_weight=\\&#8221;bold\\&#8221;]A\u00c9RATEURS DE DOSAGE ET DE REMPLISSAGE \/ MACHINES \u00c0 MOUSSER D\\&#8217;OCCASION [\/heading][\/vc_column][\/vc_row][vc_row][vc_column width=\\&#8221;1\/2\\&#8221;][heading header_weight=\\&#8221;bold\\&#8221;]MONDOMIX HAAS [&hellip;]<\/p>\n","protected":false},"author":1,"featured_media":0,"parent":0,"menu_order":0,"comment_status":"closed","ping_status":"closed","template":"","meta":{"site-sidebar-layout":"no-sidebar","site-content-layout":"plain-container","ast-site-content-layout":"default","site-content-style":"default","site-sidebar-style":"default","ast-global-header-display":"","ast-banner-title-visibility":"","ast-main-header-display":"","ast-hfb-above-header-display":"","ast-hfb-below-header-display":"","ast-hfb-mobile-header-display":"","site-post-title":"disabled","ast-breadcrumbs-content":"","ast-featured-img":"disabled","footer-sml-layout":"","theme-transparent-header-meta":"","adv-header-id-meta":"","stick-header-meta":"","header-above-stick-meta":"","header-main-stick-meta":"","header-below-stick-meta":"","astra-migrate-meta-layouts":"default","ast-page-background-enabled":"default","ast-page-background-meta":{"desktop":{"background-color":"var(--ast-global-color-5)","background-image":"","background-repeat":"repeat","background-position":"center center","background-size":"auto","background-attachment":"scroll","background-type":"","background-media":"","overlay-type":"","overlay-color":"","overlay-opacity":"","overlay-gradient":""},"tablet":{"background-color":"","background-image":"","background-repeat":"repeat","background-position":"center center","background-size":"auto","background-attachment":"scroll","background-type":"","background-media":"","overlay-type":"","overlay-color":"","overlay-opacity":"","overlay-gradient":""},"mobile":{"background-color":"","background-image":"","background-repeat":"repeat","background-position":"center center","background-size":"auto","background-attachment":"scroll","background-type":"","background-media":"","overlay-type":"","overlay-color":"","overlay-opacity":"","overlay-gradient":""}},"ast-content-background-meta":{"desktop":{"background-color":"var(--ast-global-color-4)","background-image":"","background-repeat":"repeat","background-position":"center center","background-size":"auto","background-attachment":"scroll","background-type":"","background-media":"","overlay-type":"","overlay-color":"","overlay-opacity":"","overlay-gradient":""},"tablet":{"background-color":"var(--ast-global-color-4)","background-image":"","background-repeat":"repeat","background-position":"center center","background-size":"auto","background-attachment":"scroll","background-type":"","background-media":"","overlay-type":"","overlay-color":"","overlay-opacity":"","overlay-gradient":""},"mobile":{"background-color":"var(--ast-global-color-4)","background-image":"","background-repeat":"repeat","background-position":"center center","background-size":"auto","background-attachment":"scroll","background-type":"","background-media":"","overlay-type":"","overlay-color":"","overlay-opacity":"","overlay-gradient":""}},"footnotes":""},"class_list":["post-3312","page","type-page","status-publish","hentry"],"_links":{"self":[{"href":"https:\/\/glutenfreemachines.com\/index.php?rest_route=\/wp\/v2\/pages\/3312","targetHints":{"allow":["GET"]}}],"collection":[{"href":"https:\/\/glutenfreemachines.com\/index.php?rest_route=\/wp\/v2\/pages"}],"about":[{"href":"https:\/\/glutenfreemachines.com\/index.php?rest_route=\/wp\/v2\/types\/page"}],"author":[{"embeddable":true,"href":"https:\/\/glutenfreemachines.com\/index.php?rest_route=\/wp\/v2\/users\/1"}],"replies":[{"embeddable":true,"href":"https:\/\/glutenfreemachines.com\/index.php?rest_route=%2Fwp%2Fv2%2Fcomments&post=3312"}],"version-history":[{"count":0,"href":"https:\/\/glutenfreemachines.com\/index.php?rest_route=\/wp\/v2\/pages\/3312\/revisions"}],"wp:attachment":[{"href":"https:\/\/glutenfreemachines.com\/index.php?rest_route=%2Fwp%2Fv2%2Fmedia&parent=3312"}],"curies":[{"name":"wp","href":"https:\/\/api.w.org\/{rel}","templated":true}]}}