{"id":3314,"date":"2019-04-12T17:22:34","date_gmt":"2019-04-12T15:22:34","guid":{"rendered":"https:\/\/glutenfreemachines.com\/?page_id=3314"},"modified":"2019-04-12T17:22:34","modified_gmt":"2019-04-12T15:22:34","slug":"cake-machines-depositor-filling-cream-3","status":"publish","type":"page","link":"https:\/\/glutenfreemachines.com\/?page_id=3314","title":{"rendered":"ANGEBOTE"},"content":{"rendered":"<div class=\"wpb-content-wrapper\"><p>[vc_row swatch=\\&#8221;swatch-blue-white\\&#8221; height=\\&#8221;nopadding\\&#8221; background_image_attachment=\\&#8221;fixed\\&#8221;][vc_column width=\\&#8221;1\/1\\&#8221;][heading header_weight=\\&#8221;bold\\&#8221;]GEBRAUCHTE DOSIER- UND ABF\u00dcLLGER\u00c4TE\/SCHAUMASCHINEN  [\/heading][\/vc_column][\/vc_row][vc_row][vc_column width=\\&#8221;1\/2\\&#8221;][heading header_weight=\\&#8221;bold\\&#8221;]MONDOMIX HAAS BUHLER[\/heading][vc_single_image images=\\&#8221;3656\\&#8221; size=\\&#8221;large\\&#8221;][\/vc_column][vc_column width=\\&#8221;1\/2\\&#8221;][vc_empty_space height=\\&#8221;100px\\&#8221;][vc_column_text]<strong>Modell: <\/strong>MONDOMIX A05<\/p>\n<p><strong>Seriennummer<\/strong>: VN1093MON<\/p>\n<p><strong>Zustand:<\/strong> USED <a href=\\\"https:\/\/glutenfreemachines.com\/de\/mini-droppy\/\\\">https:\/\/www.used-machines.com\/mondomix-a-05\/gm-408-7768<\/a><\/p>\n<p><strong>ANWENDUNG: <\/strong>MASCHINE F\u00dcR DEN TEST \u00c4HNLICH DEM BESTEN GESUNDEN VN02 <a href=\\\"https:\/\/glutenfreemachines.com\/de\/aerators-2\/\\\">https:\/\/glutenfreemachines.com\/aerators\/<\/a><\/p>\n<p><span style=\\\"color: #0000ff;\\\">\u20ac5000<\/span><\/p>\n<p style=\\\"text-align: left;\\\"><strong><span style=\\\"color: #0000ff;\\\"><em>ANGEBOT ERHALTEN<\/em><\/span><\/strong><\/p>\n<p>F\u00fcr weitere Informationen nehmen Sie bitte Kontakt mit uns auf:  <a href=\\\"https:\/\/glutenfreemachines.com\/de\/contact\/\\\">https:\/\/glutenfreemachines.com\/contact\/<\/a>[\/vc_column_text][\/vc_column][\/vc_row][vc_row][vc_column width=\\&#8221;1\/2\\&#8221;][heading header_weight=\\&#8221;bold\\&#8221;]ICB [\/heading][vc_single_image images=\\&#8221;1465\\&#8221; size=\\&#8221;large\\&#8221;][\/vc_column][vc_column width=\\&#8221;1\/2\\&#8221;][vc_empty_space height=\\&#8221;100px\\&#8221;][vc_column_text]<strong>Modell: <\/strong>DOSICREAM<\/p>\n<p><strong>Seriennummer<\/strong>: VN1073ICB<\/p>\n<p><strong>Zustand:<\/strong> GEBRAUCHTE R\u00dcCKGABE F\u00dcR NEUE MINIDROPPY <a href=\\\"https:\/\/glutenfreemachines.com\/de\/mini-droppy\/\\\">https:\/\/glutenfreemachines.com\/mini-droppy\/<\/a><\/p>\n<p><strong>ANWENDUNG: <\/strong>B\u00e4ckereiausr\u00fcstung, B\u00e4ckerei Gie\u00dfmaschine, B\u00e4ckerei Produktion Lebensmittel Gie\u00dfmaschine F\u00fcllmaschine, Produktionsausr\u00fcstung, Produktionslinie B\u00e4ckerei Food Service, Kuchen Produktion, Kuchen Maschine<\/p>\n<p><span style=\\\"color: #0000ff;\\\">\u20ac1900<\/span><\/p>\n<p style=\\\"text-align: left;\\\"><del><strong><span style=\\\"color: #0000ff;\\\"><em>ANGEBOT ERHALTEN<\/em><\/span><\/strong><\/del><\/p>\n<p>F\u00fcr weitere Informationen nehmen Sie bitte Kontakt mit uns auf:  <a href=\\\"https:\/\/glutenfreemachines.com\/de\/contact\/\\\">https:\/\/glutenfreemachines.com\/contact\/<\/a>[\/vc_column_text][\/vc_column][\/vc_row][vc_row][vc_column width=\\&#8221;1\/2\\&#8221;][heading header_weight=\\&#8221;bold\\&#8221;]PAVONI[\/heading][vc_single_image images=\\&#8221;1503\\&#8221; size=\\&#8221;large\\&#8221;][\/vc_column][vc_column width=\\&#8221;1\/2\\&#8221;][vc_empty_space height=\\&#8221;100px\\&#8221;][vc_column_text]<strong>Modell: <\/strong>NEW DOSIPLUS<\/p>\n<p><strong>Seriennummer<\/strong>: VN1083PAV<\/p>\n<p><strong>Zustand:<\/strong> GEBRAUCHTE R\u00dcCKGABE F\u00dcR NEUE MINIDROPPY <a href=\\\"https:\/\/glutenfreemachines.com\/de\/mini-droppy\/\\\">https:\/\/glutenfreemachines.com\/mini-droppy\/<\/a><\/p>\n<p><strong>ANWENDUNG: <\/strong>Ausr\u00fcstung, B\u00e4ckerei Gie\u00dfer, B\u00e4ckerei Produktion Lebensmittel Gie\u00dfer F\u00fcllmaschine, Produktionsanlagen, Produktionslinie B\u00e4ckerei Food Service, Kuchen Produktion, Kuchen Maschine<\/p>\n<p><span style=\\\"color: #0000ff;\\\">\u20ac1500<\/span><\/p>\n<p style=\\\"text-align: left;\\\"><del><a href=\\\"http:\/\/foodaeration.com\/contact\/\\\"><strong><span style=\\\"color: #0000ff;\\\"><em>ANGEBOT ERHALTEN<\/em><\/span><\/strong><\/a><\/del><\/p>\n<h1 style=\\\"text-align: left;\\\"><\/h1>\n<p>[\/vc_column_text][\/vc_column][\/vc_row][vc_row][vc_column width=\\&#8221;1\/2\\&#8221;][heading header_weight=\\&#8221;bold\\&#8221;]MONDOMIX-HAAS [\/heading][vc_single_image images=\\&#8221;738\\&#8221;][\/vc_column][vc_column width=\\&#8221;1\/2\\&#8221;][vc_empty_space height=\\&#8221;100px\\&#8221;][vc_column_text]<strong>Modell:<\/strong> Mondomix Bel\u00fcfter B-25<\/p>\n<p><strong>Gr\u00f6\u00dfe\/Kapazit\u00e4t<\/strong>: 250-1000 kg\/Std.<\/p>\n<p><strong>Seriennummer<\/strong>: VN20U<\/p>\n<p><strong>Zustand:<\/strong> Gebraucht (Jahr: 1994)<\/p>\n<p><strong>ANWENDUNG:<\/strong> B\u00e4ckerei-, Konditorei- und Molkereiindustrie (Joghurt, Mousse, Schlagsahne usw.).<\/p>\n<p><span style=\\\"color: #0000ff;\\\">\u20ac23,000  <\/span><\/p>\n<p style=\\\"text-align: left;\\\"><del><a href=\\\"http:\/\/foodaeration.com\/contact\/\\\"><strong><span style=\\\"color: #0000ff;\\\"><em>ANGEBOT ERHALTEN<\/em><\/span><\/strong><\/a><\/del><\/p>\n<h1 style=\\\"text-align: left;\\\"><span style=\\\"color: #ff0000;\\\">VERKAUFT  <\/span><\/h1>\n<p>[\/vc_column_text][\/vc_column][\/vc_row][vc_row][vc_column width=\\&#8221;1\/2\\&#8221;][heading header_weight=\\&#8221;bold\\&#8221;]TONELLI[\/heading][vc_single_image images=\\&#8221;740\\&#8221;][\/vc_column][vc_column width=\\&#8221;1\/2\\&#8221;][vc_empty_space height=\\&#8221;100px\\&#8221;][vc_column_text]<strong>Modell:<\/strong> Durchlaufbel\u00fcfter \/ Mischer TURBO REN 70 CBM<\/p>\n<p><strong>Gr\u00f6\u00dfe\/Kapazit\u00e4t:<\/strong> 700kg\/Std. nominal<\/p>\n<p><strong>Seriennummer: <\/strong>VN20U<\/p>\n<p><strong>Zustand:<\/strong> Gebraucht (Jahr: 2001)<\/p>\n<p><strong>ANWENDUNG:<\/strong> Bel\u00fcftung von Produkten wie Cremes, Teige, Marshmallows usw.<\/p>\n<p><span style=\\\"color: #0000ff;\\\">\u20ac12,000<\/span><\/p>\n<p><a href=\\\"http:\/\/foodaeration.com\/contact\/\\\"><strong><span style=\\\"color: #0000ff;\\\"><em>ANGEBOT ERHALTEN<\/em><\/span><\/strong><\/a><\/p>\n<h1><span style=\\\"color: #ff0000;\\\">NICHT VERF\u00dcGBAR<\/span><\/h1>\n<p>[\/vc_column_text][\/vc_column][\/vc_row]<\/p>\n<\/div>","protected":false},"excerpt":{"rendered":"<p>[vc_row swatch=\\&#8221;swatch-blue-white\\&#8221; height=\\&#8221;nopadding\\&#8221; background_image_attachment=\\&#8221;fixed\\&#8221;][vc_column width=\\&#8221;1\/1\\&#8221;][heading header_weight=\\&#8221;bold\\&#8221;]GEBRAUCHTE DOSIER- UND ABF\u00dcLLGER\u00c4TE\/SCHAUMASCHINEN [\/heading][\/vc_column][\/vc_row][vc_row][vc_column width=\\&#8221;1\/2\\&#8221;][heading header_weight=\\&#8221;bold\\&#8221;]MONDOMIX HAAS BUHLER[\/heading][vc_single_image images=\\&#8221;3656\\&#8221; size=\\&#8221;large\\&#8221;][\/vc_column][vc_column width=\\&#8221;1\/2\\&#8221;][vc_empty_space height=\\&#8221;100px\\&#8221;][vc_column_text]Modell: MONDOMIX A05 [&hellip;]<\/p>\n","protected":false},"author":1,"featured_media":0,"parent":0,"menu_order":0,"comment_status":"closed","ping_status":"closed","template":"","meta":{"site-sidebar-layout":"no-sidebar","site-content-layout":"plain-container","ast-site-content-layout":"default","site-content-style":"default","site-sidebar-style":"default","ast-global-header-display":"","ast-banner-title-visibility":"","ast-main-header-display":"","ast-hfb-above-header-display":"","ast-hfb-below-header-display":"","ast-hfb-mobile-header-display":"","site-post-title":"disabled","ast-breadcrumbs-content":"","ast-featured-img":"disabled","footer-sml-layout":"","theme-transparent-header-meta":"","adv-header-id-meta":"","stick-header-meta":"","header-above-stick-meta":"","header-main-stick-meta":"","header-below-stick-meta":"","astra-migrate-meta-layouts":"default","ast-page-background-enabled":"default","ast-page-background-meta":{"desktop":{"background-color":"var(--ast-global-color-5)","background-image":"","background-repeat":"repeat","background-position":"center center","background-size":"auto","background-attachment":"scroll","background-type":"","background-media":"","overlay-type":"","overlay-color":"","overlay-opacity":"","overlay-gradient":""},"tablet":{"background-color":"","background-image":"","background-repeat":"repeat","background-position":"center center","background-size":"auto","background-attachment":"scroll","background-type":"","background-media":"","overlay-type":"","overlay-color":"","overlay-opacity":"","overlay-gradient":""},"mobile":{"background-color":"","background-image":"","background-repeat":"repeat","background-position":"center center","background-size":"auto","background-attachment":"scroll","background-type":"","background-media":"","overlay-type":"","overlay-color":"","overlay-opacity":"","overlay-gradient":""}},"ast-content-background-meta":{"desktop":{"background-color":"var(--ast-global-color-4)","background-image":"","background-repeat":"repeat","background-position":"center center","background-size":"auto","background-attachment":"scroll","background-type":"","background-media":"","overlay-type":"","overlay-color":"","overlay-opacity":"","overlay-gradient":""},"tablet":{"background-color":"var(--ast-global-color-4)","background-image":"","background-repeat":"repeat","background-position":"center center","background-size":"auto","background-attachment":"scroll","background-type":"","background-media":"","overlay-type":"","overlay-color":"","overlay-opacity":"","overlay-gradient":""},"mobile":{"background-color":"var(--ast-global-color-4)","background-image":"","background-repeat":"repeat","background-position":"center center","background-size":"auto","background-attachment":"scroll","background-type":"","background-media":"","overlay-type":"","overlay-color":"","overlay-opacity":"","overlay-gradient":""}},"footnotes":""},"class_list":["post-3314","page","type-page","status-publish","hentry"],"_links":{"self":[{"href":"https:\/\/glutenfreemachines.com\/index.php?rest_route=\/wp\/v2\/pages\/3314","targetHints":{"allow":["GET"]}}],"collection":[{"href":"https:\/\/glutenfreemachines.com\/index.php?rest_route=\/wp\/v2\/pages"}],"about":[{"href":"https:\/\/glutenfreemachines.com\/index.php?rest_route=\/wp\/v2\/types\/page"}],"author":[{"embeddable":true,"href":"https:\/\/glutenfreemachines.com\/index.php?rest_route=\/wp\/v2\/users\/1"}],"replies":[{"embeddable":true,"href":"https:\/\/glutenfreemachines.com\/index.php?rest_route=%2Fwp%2Fv2%2Fcomments&post=3314"}],"version-history":[{"count":0,"href":"https:\/\/glutenfreemachines.com\/index.php?rest_route=\/wp\/v2\/pages\/3314\/revisions"}],"wp:attachment":[{"href":"https:\/\/glutenfreemachines.com\/index.php?rest_route=%2Fwp%2Fv2%2Fmedia&parent=3314"}],"curies":[{"name":"wp","href":"https:\/\/api.w.org\/{rel}","templated":true}]}}