{"id":3342,"date":"2018-05-03T12:00:56","date_gmt":"2018-05-03T10:00:56","guid":{"rendered":"https:\/\/glutenfreemachines.com\/?page_id=3342"},"modified":"2018-05-03T12:00:56","modified_gmt":"2018-05-03T10:00:56","slug":"contact-2","status":"publish","type":"page","link":"https:\/\/glutenfreemachines.com\/?page_id=3342","title":{"rendered":"Kontakt"},"content":{"rendered":"<div class=\"wpb-content-wrapper\"><p>[vc_row swatch=\\&#8221;swatch-blue-white\\&#8221;][vc_column width=\\&#8221;1\/1\\&#8221;][vc_single_image images=\\&#8221;1548\\&#8221; size=\\&#8221;large\\&#8221; align=\\&#8221;center\\&#8221;][heading]Contact Us[\/heading][vc_column_text]<\/p>\n<p style=\\\"text-align: center;\\\"><strong>Senden Sie uns Ihre Fragen und Kommentare. Bitte f\u00fcllen Sie das folgende Formular aus und wir werden Ihnen so schnell wie m\u00f6glich antworten:<\/strong><\/p>\n<p>[\/vc_column_text][\/vc_column][\/vc_row][vc_row][vc_column align=\\&#8221;Default\\&#8221; width=\\&#8221;1\/1\\&#8221;][vc_column_text]<strong><span style=\\\"font-size: 18px;\\\">Wir sind ein Unternehmen, das auf einem Fundament des Vertrauens aufbaut. Unsere Beziehungen zu Kunden, Partnern, Mitarbeitern und Lieferanten haben f\u00fcr uns oberste Priorit\u00e4t. Was uns auszeichnet, ist unser Engagement f\u00fcr Menschlichkeit, herausragende Leistung und au\u00dfergew\u00f6hnlichen Service. Unsere Kunden profitieren von unserem fundierten Fachwissen und unserer kontinuierlichen Innovation in der Produktanwendung und Prozesstechnologie. Wir freuen uns darauf, mit Ihnen in Kontakt zu treten und eine erfolgreiche Partnerschaft aufzubauen!   <\/span><\/strong>[\/vc_column_text][\/vc_column][\/vc_row][vc_row][vc_column align=\\&#8221;Default\\&#8221; width=\\&#8221;1\/1\\&#8221;][wpforms id=\\&#8221;1528\\&#8221; title=\\&#8221;false\\&#8221; description=\\&#8221;false\\&#8221;][\/vc_column][\/vc_row]<\/p>\n<\/div>","protected":false},"excerpt":{"rendered":"<p>[vc_row swatch=\\&#8221;swatch-blue-white\\&#8221;][vc_column width=\\&#8221;1\/1\\&#8221;][vc_single_image images=\\&#8221;1548\\&#8221; size=\\&#8221;large\\&#8221; align=\\&#8221;center\\&#8221;][heading]Contact Us[\/heading][vc_column_text] Senden Sie uns Ihre Fragen und Kommentare. Bitte f\u00fcllen Sie das folgende Formular [&hellip;]<\/p>\n","protected":false},"author":1,"featured_media":0,"parent":0,"menu_order":0,"comment_status":"closed","ping_status":"closed","template":"","meta":{"site-sidebar-layout":"no-sidebar","site-content-layout":"plain-container","ast-site-content-layout":"default","site-content-style":"default","site-sidebar-style":"default","ast-global-header-display":"","ast-banner-title-visibility":"","ast-main-header-display":"","ast-hfb-above-header-display":"","ast-hfb-below-header-display":"","ast-hfb-mobile-header-display":"","site-post-title":"disabled","ast-breadcrumbs-content":"","ast-featured-img":"disabled","footer-sml-layout":"","theme-transparent-header-meta":"","adv-header-id-meta":"","stick-header-meta":"","header-above-stick-meta":"","header-main-stick-meta":"","header-below-stick-meta":"","astra-migrate-meta-layouts":"default","ast-page-background-enabled":"default","ast-page-background-meta":{"desktop":{"background-color":"var(--ast-global-color-5)","background-image":"","background-repeat":"repeat","background-position":"center center","background-size":"auto","background-attachment":"scroll","background-type":"","background-media":"","overlay-type":"","overlay-color":"","overlay-opacity":"","overlay-gradient":""},"tablet":{"background-color":"","background-image":"","background-repeat":"repeat","background-position":"center center","background-size":"auto","background-attachment":"scroll","background-type":"","background-media":"","overlay-type":"","overlay-color":"","overlay-opacity":"","overlay-gradient":""},"mobile":{"background-color":"","background-image":"","background-repeat":"repeat","background-position":"center center","background-size":"auto","background-attachment":"scroll","background-type":"","background-media":"","overlay-type":"","overlay-color":"","overlay-opacity":"","overlay-gradient":""}},"ast-content-background-meta":{"desktop":{"background-color":"var(--ast-global-color-4)","background-image":"","background-repeat":"repeat","background-position":"center center","background-size":"auto","background-attachment":"scroll","background-type":"","background-media":"","overlay-type":"","overlay-color":"","overlay-opacity":"","overlay-gradient":""},"tablet":{"background-color":"var(--ast-global-color-4)","background-image":"","background-repeat":"repeat","background-position":"center center","background-size":"auto","background-attachment":"scroll","background-type":"","background-media":"","overlay-type":"","overlay-color":"","overlay-opacity":"","overlay-gradient":""},"mobile":{"background-color":"var(--ast-global-color-4)","background-image":"","background-repeat":"repeat","background-position":"center center","background-size":"auto","background-attachment":"scroll","background-type":"","background-media":"","overlay-type":"","overlay-color":"","overlay-opacity":"","overlay-gradient":""}},"footnotes":""},"class_list":["post-3342","page","type-page","status-publish","hentry"],"_links":{"self":[{"href":"https:\/\/glutenfreemachines.com\/index.php?rest_route=\/wp\/v2\/pages\/3342","targetHints":{"allow":["GET"]}}],"collection":[{"href":"https:\/\/glutenfreemachines.com\/index.php?rest_route=\/wp\/v2\/pages"}],"about":[{"href":"https:\/\/glutenfreemachines.com\/index.php?rest_route=\/wp\/v2\/types\/page"}],"author":[{"embeddable":true,"href":"https:\/\/glutenfreemachines.com\/index.php?rest_route=\/wp\/v2\/users\/1"}],"replies":[{"embeddable":true,"href":"https:\/\/glutenfreemachines.com\/index.php?rest_route=%2Fwp%2Fv2%2Fcomments&post=3342"}],"version-history":[{"count":0,"href":"https:\/\/glutenfreemachines.com\/index.php?rest_route=\/wp\/v2\/pages\/3342\/revisions"}],"wp:attachment":[{"href":"https:\/\/glutenfreemachines.com\/index.php?rest_route=%2Fwp%2Fv2%2Fmedia&parent=3342"}],"curies":[{"name":"wp","href":"https:\/\/api.w.org\/{rel}","templated":true}]}}